{"id":966,"date":"2025-03-05T13:02:38","date_gmt":"2025-03-05T13:02:38","guid":{"rendered":"https:\/\/cogniebook.cognitech.app.br\/?post_type=product&#038;p=966"},"modified":"2025-03-06T12:55:08","modified_gmt":"2025-03-06T12:55:08","slug":"jardim-encantado","status":"publish","type":"product","link":"https:\/\/cogniebook.cognitech.app.br\/pt_br\/shop\/jardim-encantado\/","title":{"rendered":"Jardim Encantado"},"content":{"rendered":"<div>&#8220;Descubra <em>O Jardim Encantado &#8211; Aventuras dos Pequenos Her\u00f3is<\/em>, um eBook interativo que leva crian\u00e7as de 4 a 8 anos a um mundo m\u00e1gico onde flores dan\u00e7am com &#8216;plop-plop&#8217;, riachos cantam &#8216;splash-splash&#8217; e a amizade brilha mais que tudo! Junte-se a Z\u00e9, o besouro curioso com seu &#8216;zum-zum&#8217;, Bel, a abelha zumbidora de &#8216;bzzz&#8217;, Tito, a joaninha brilhante com &#8216;plim-plim&#8217;, L\u00e9o, a lagarta gulosa que vira borboleta com &#8216;flap-flap&#8217;, e Carlinhos, o caracol lento de &#8216;ploc-ploc&#8217;, em cinco hist\u00f3rias encantadoras. Resolva mist\u00e9rios, dome magias bagunceiras, voe com coragem, corra em uma corrida maluca e encontre um tesouro cantante com &#8216;la-la-la&#8217;! Com interl\u00fadios engra\u00e7ados, uma m\u00fasica dan\u00e7ante, sons como &#8216;crunc-crunc&#8217; e uma atividade final interativa, este livro digital \u00e9 perfeito para pais e filhos criarem mem\u00f3rias juntos. A cada toque, o jardim ganha vida com anima\u00e7\u00f5es e li\u00e7\u00f5es de uni\u00e3o, coragem e cuidado, tudo embrulhado em risadas e alegria!<\/div>\n","protected":false},"excerpt":{"rendered":"<p>Entre no jardim encantado com Z\u00e9 e seus amigos! Um eBook cheio de &#8216;zum-zum&#8217;, risadas e li\u00e7\u00f5es de amizade, coragem e uni\u00e3o para crian\u00e7as de 4 a 8 anos. Perfeito para ler juntos!<\/p>\n<p>Ou\u00e7a m\u00fasica oficial do livro<\/p>\n[audio mp3=\"https:\/\/cogniebook.cognitech.app.br\/wp-content\/uploads\/2025\/03\/A-Danca-do-Jardim-Encantado-1.mp3\"][\/audio]\n","protected":false},"featured_media":990,"comment_status":"open","ping_status":"closed","template":"","meta":[],"product_brand":[49],"product_cat":[18,41],"product_tag":[],"class_list":{"0":"post-966","1":"product","2":"type-product","3":"status-publish","4":"has-post-thumbnail","6":"product_brand-cogni-ebook","7":"product_cat-aventura","8":"product_cat-infantil","10":"first","11":"instock","12":"sale","13":"downloadable","14":"purchasable","15":"product-type-simple"},"acf":[],"_links":{"self":[{"href":"https:\/\/cogniebook.cognitech.app.br\/pt_br\/wp-json\/wp\/v2\/product\/966","targetHints":{"allow":["GET"]}}],"collection":[{"href":"https:\/\/cogniebook.cognitech.app.br\/pt_br\/wp-json\/wp\/v2\/product"}],"about":[{"href":"https:\/\/cogniebook.cognitech.app.br\/pt_br\/wp-json\/wp\/v2\/types\/product"}],"replies":[{"embeddable":true,"href":"https:\/\/cogniebook.cognitech.app.br\/pt_br\/wp-json\/wp\/v2\/comments?post=966"}],"wp:featuredmedia":[{"embeddable":true,"href":"https:\/\/cogniebook.cognitech.app.br\/pt_br\/wp-json\/wp\/v2\/media\/990"}],"wp:attachment":[{"href":"https:\/\/cogniebook.cognitech.app.br\/pt_br\/wp-json\/wp\/v2\/media?parent=966"}],"wp:term":[{"taxonomy":"product_brand","embeddable":true,"href":"https:\/\/cogniebook.cognitech.app.br\/pt_br\/wp-json\/wp\/v2\/product_brand?post=966"},{"taxonomy":"product_cat","embeddable":true,"href":"https:\/\/cogniebook.cognitech.app.br\/pt_br\/wp-json\/wp\/v2\/product_cat?post=966"},{"taxonomy":"product_tag","embeddable":true,"href":"https:\/\/cogniebook.cognitech.app.br\/pt_br\/wp-json\/wp\/v2\/product_tag?post=966"}],"curies":[{"name":"wp","href":"https:\/\/api.w.org\/{rel}","templated":true}]}}