{"id":951,"date":"2025-02-28T13:04:25","date_gmt":"2025-02-28T13:04:25","guid":{"rendered":"https:\/\/cogniebook.cognitech.app.br\/?post_type=product&#038;p=951"},"modified":"2025-02-28T18:54:13","modified_gmt":"2025-02-28T18:54:13","slug":"como-usar-chatgpt-na-advocacia-para-advogados","status":"publish","type":"product","link":"https:\/\/cogniebook.cognitech.app.br\/pt_br\/shop\/como-usar-chatgpt-na-advocacia-para-advogados\/","title":{"rendered":"Como Usar ChatGPT na Advocacia (Para Advogados)"},"content":{"rendered":"<p>A intera\u00e7\u00e3o com clientes tamb\u00e9m pode ser aprimorada atrav\u00e9s do ChatGPT. A ferramenta permite que advogados respondam a perguntas frequentes de forma instant\u00e2nea, disponibilizando informa\u00e7\u00f5es \u00fateis sem a necessidade de intera\u00e7\u00e3o humana direta. No entanto, \u00e9 crucial ter em mente a precis\u00e3o das informa\u00e7\u00f5es geradas pelo modelo. Embora o ChatGPT seja uma ferramenta poderosa, <strong>ele n\u00e3o \u00e9 infal\u00edvel e pode gerar respostas que n\u00e3o necessariamente reflitam a realidade jur\u00eddica<\/strong>. Assim, \u00e9 sempre <em><strong>recomend\u00e1vel que as informa\u00e7\u00f5es sejam revisadas e validadas por um profissional qualificado antes de serem aplicadas<\/strong><\/em>.<\/p>\n<p>Por fim, as quest\u00f5es \u00e9ticas envolvendo o uso da intelig\u00eancia artificial na advocacia tamb\u00e9m merecem considera\u00e7\u00e3o. \u00c9 primordial que os advogados adotem uma abordagem respons\u00e1vel, assegurando que a utiliza\u00e7\u00e3o do ChatGPT esteja em conformidade com as diretrizes profissionais e \u00e9ticas da pr\u00e1tica jur\u00eddica.<\/p>\n<!--[if lt IE 9]><script>document.createElement('audio');<\/script><![endif]-->\n<audio class=\"wp-audio-shortcode\" id=\"audio-951-1\" preload=\"none\" style=\"width: 100%;\" controls=\"controls\"><source type=\"audio\/mpeg\" src=\"https:\/\/cognicursos.cognitech.app.br\/wp-content\/uploads\/2024\/12\/p_34771627_16.mp3?_=1\" \/><a href=\"https:\/\/cognicursos.cognitech.app.br\/wp-content\/uploads\/2024\/12\/p_34771627_16.mp3\">https:\/\/cognicursos.cognitech.app.br\/wp-content\/uploads\/2024\/12\/p_34771627_16.mp3<\/a><\/audio>\n","protected":false},"excerpt":{"rendered":"<h2 class=\"wp-block-heading\">Entendendo o ChatGPT e sua Relev\u00e2ncia na Advocacia<\/h2>\n[embed]https:\/\/cognicursos.cognitech.app.br\/wp-content\/uploads\/2024\/12\/ttsmaker-file-15.mp3[\/embed]\n<p>O ChatGPT \u00e9 um modelo de linguagem baseado em intelig\u00eancia artificial desenvolvido pela OpenAI. Ele utiliza t\u00e9cnicas avan\u00e7adas de aprendizado profundo para compreender e gerar texto de forma natural, oferecendo respostas a perguntas e elaborando conte\u00fados coerentes. Na advocacia, o ChatGPT tem se mostrado uma ferramenta valiosa, capaz de otimizar diferentes aspectos do trabalho legal. Sua aplica\u00e7\u00e3o pode incluir desde a pesquisa jur\u00eddica at\u00e9 a reda\u00e7\u00e3o de documentos legais, contribuindo para uma maior efici\u00eancia e agilidade nas atividades di\u00e1rias.<\/p>\n<p>Um dos principais benef\u00edcios do ChatGPT na advocacia \u00e9 a capacidade de realizar pesquisas jur\u00eddicas r\u00e1pidas e abrangentes. Ao integrar essa tecnologia no fluxo de trabalho, advogados podem acessar um vasto conjunto de informa\u00e7\u00f5es em poucos segundos, economizando tempo valioso que pode ser direcionado a tarefas mais complexas e criativas. Al\u00e9m disso, a reda\u00e7\u00e3o de documentos legais, como contratos e peti\u00e7\u00f5es, pode ser facilitada pelo uso do modelo, que pode sugerir estruturas e conte\u00fados baseados em informa\u00e7\u00f5es previamente fornecidas pelos usu\u00e1rios.<\/p>\n","protected":false},"featured_media":952,"comment_status":"open","ping_status":"closed","template":"","meta":[],"product_brand":[89,49],"product_cat":[88],"product_tag":[129,136,135,143,134,141,138,131,133,137,130,139,142,132,140],"class_list":{"0":"post-951","1":"product","2":"type-product","3":"status-publish","4":"has-post-thumbnail","6":"product_brand-cogni-cursos","7":"product_brand-cogni-ebook","8":"product_cat-juridico","9":"product_tag-advocacia","10":"product_tag-advocacia-4-0","11":"product_tag-alta-performance-na-advocacia","12":"product_tag-automatizar-atendimento-na-advocacia","13":"product_tag-chat-gpt-na-advocacia","14":"product_tag-chatbot-na-advocacia","15":"product_tag-chatgpt-como-aplicar-na-advocacia","16":"product_tag-chatgpt-na-advocacia","17":"product_tag-chatgpt-para-advogados","18":"product_tag-como-usar-gpt-na-advocacia","19":"product_tag-inteligencia-artificial-na-advocacia","20":"product_tag-inteligencia-artificial-para-advogados","21":"product_tag-marketing-digital-para-advogados","22":"product_tag-tecnologia-na-advocacia","23":"product_tag-usando-o-chatgpt-na-advocacia","25":"first","26":"instock","27":"sale","28":"featured","29":"product-type-external"},"acf":[],"_links":{"self":[{"href":"https:\/\/cogniebook.cognitech.app.br\/pt_br\/wp-json\/wp\/v2\/product\/951","targetHints":{"allow":["GET"]}}],"collection":[{"href":"https:\/\/cogniebook.cognitech.app.br\/pt_br\/wp-json\/wp\/v2\/product"}],"about":[{"href":"https:\/\/cogniebook.cognitech.app.br\/pt_br\/wp-json\/wp\/v2\/types\/product"}],"replies":[{"embeddable":true,"href":"https:\/\/cogniebook.cognitech.app.br\/pt_br\/wp-json\/wp\/v2\/comments?post=951"}],"wp:featuredmedia":[{"embeddable":true,"href":"https:\/\/cogniebook.cognitech.app.br\/pt_br\/wp-json\/wp\/v2\/media\/952"}],"wp:attachment":[{"href":"https:\/\/cogniebook.cognitech.app.br\/pt_br\/wp-json\/wp\/v2\/media?parent=951"}],"wp:term":[{"taxonomy":"product_brand","embeddable":true,"href":"https:\/\/cogniebook.cognitech.app.br\/pt_br\/wp-json\/wp\/v2\/product_brand?post=951"},{"taxonomy":"product_cat","embeddable":true,"href":"https:\/\/cogniebook.cognitech.app.br\/pt_br\/wp-json\/wp\/v2\/product_cat?post=951"},{"taxonomy":"product_tag","embeddable":true,"href":"https:\/\/cogniebook.cognitech.app.br\/pt_br\/wp-json\/wp\/v2\/product_tag?post=951"}],"curies":[{"name":"wp","href":"https:\/\/api.w.org\/{rel}","templated":true}]}}