{"id":898,"date":"2025-02-26T01:02:48","date_gmt":"2025-02-26T01:02:48","guid":{"rendered":"https:\/\/cogniebook.cognitech.app.br\/?post_type=product&#038;p=898"},"modified":"2025-03-07T12:33:34","modified_gmt":"2025-03-07T12:33:34","slug":"controlando-alimentacao","status":"publish","type":"product","link":"https:\/\/cogniebook.cognitech.app.br\/pt_br\/shop\/controlando-alimentacao\/","title":{"rendered":"Controlando Alimentac\u00e3o"},"content":{"rendered":"<div class=\"media-embedded\"><iframe loading=\"lazy\" title=\"Alimentacao Sua Chave para o Bem Estar\" width=\"1778\" height=\"1000\" src=\"https:\/\/www.youtube.com\/embed\/5USD7z-8F7U?feature=oembed\" frameborder=\"0\" allow=\"accelerometer; autoplay; clipboard-write; encrypted-media; gyroscope; picture-in-picture; web-share\" referrerpolicy=\"strict-origin-when-cross-origin\" allowfullscreen><\/iframe><\/div>\n<p data-spm-anchor-id=\"2b75ac3d.2ef5001f.0.i32.dfc2c921Kf7flL\">Descubra o caminho para uma vida mais saud\u00e1vel e equilibrada com este guia essencial sobre alimenta\u00e7\u00e3o inteligente. Este livro foi criado para ajud\u00e1-lo a entender os princ\u00edpios fundamentais da nutri\u00e7\u00e3o de forma pr\u00e1tica e acess\u00edvel, sem imposi\u00e7\u00f5es r\u00edgidas ou dietas extremas. A proposta \u00e9 simples: aprender a fazer escolhas alimentares conscientes que se adaptem ao seu estilo de vida, promovendo sa\u00fade f\u00edsica e mental.<\/p>\n<div class=\"my-2\"><\/div>\n<p data-spm-anchor-id=\"2b75ac3d.2ef5001f.0.i33.dfc2c921Kf7flL\">Ao longo das p\u00e1ginas, voc\u00ea encontrar\u00e1 informa\u00e7\u00f5es valiosas sobre como melhorar sua energia, prevenir doen\u00e7as cr\u00f4nicas, e at\u00e9 combater problemas como depress\u00e3o, enquanto desfruta de refei\u00e7\u00f5es saborosas e nutritivas. Al\u00e9m disso, o livro oferece estrat\u00e9gias para planejar suas refei\u00e7\u00f5es com anteced\u00eancia, expandir suas op\u00e7\u00f5es saud\u00e1veis e manter h\u00e1bitos consistentes que beneficiam corpo e mente.<\/p>\n<div class=\"my-2\"><\/div>\n<p>Perfeito para quem busca uma transforma\u00e7\u00e3o gradual e sustent\u00e1vel, este guia vai ajud\u00e1-lo a conquistar mais disposi\u00e7\u00e3o, clareza mental e estabilidade emocional, tornando sua jornada rumo a uma alimenta\u00e7\u00e3o equilibrada prazerosa e gratificante. Adote uma nova perspectiva sobre comida e sa\u00fade, e d\u00ea o primeiro passo em dire\u00e7\u00e3o a um estilo de vida mais saud\u00e1vel e pleno!<\/p>\n","protected":false},"excerpt":{"rendered":"<div class=\"chat-assistant markdown-prose w-full min-w-full svelte-uurc6z\" dir=\"auto\">\n<div class=\"\">\n<div id=\"response-content-container\" class=\"relative w-full flex flex-col\">\n<div>\n<p data-spm-anchor-id=\"2b75ac3d.2ef5001f.0.i29.dfc2c921Kf7flL\">Adotar uma alimenta\u00e7\u00e3o saud\u00e1vel n\u00e3o est\u00e1 relacionado a seguir regras r\u00edgidas ou sacrificar prazeres culin\u00e1rios, mas sim a aprender como fazer escolhas inteligentes que promovam bem-estar f\u00edsico e mental. Uma dieta equilibrada pode reduzir o risco de doen\u00e7as cr\u00f4nicas, como problemas card\u00edacos, c\u00e2ncer e diabetes, al\u00e9m de ajudar no combate \u00e0 depress\u00e3o e melhorar aspectos como energia, mem\u00f3ria e estabilidade emocional. Este livro apresenta os princ\u00edpios fundamentais da nutri\u00e7\u00e3o e ensina como aplic\u00e1-los ao seu estilo de vida de maneira pr\u00e1tica e satisfat\u00f3ria. Com orienta\u00e7\u00f5es para planejar refei\u00e7\u00f5es e ampliar op\u00e7\u00f5es saud\u00e1veis, ele oferece as ferramentas necess\u00e1rias para transformar sua alimenta\u00e7\u00e3o e alcan\u00e7ar um estilo de vida mais saud\u00e1vel e gratificante.<\/p>\n<\/div>\n<\/div>\n<\/div>\n<\/div>\n","protected":false},"featured_media":902,"comment_status":"open","ping_status":"closed","template":"","meta":[],"product_brand":[49],"product_cat":[87,162],"product_tag":[146,145,150,152,144,148,157,158,155,147,151,153,156,154,149],"class_list":{"0":"post-898","1":"product","2":"type-product","3":"status-publish","4":"has-post-thumbnail","6":"product_brand-cogni-ebook","7":"product_cat-alimentacao","8":"product_cat-saude","9":"product_tag-alimentacao","10":"product_tag-alimentacao-para-controlar-glicose","11":"product_tag-alimentacao-para-diabetes","12":"product_tag-alimentacao-para-diabeticos","13":"product_tag-alimentacao-saudavel","14":"product_tag-alimentacao-viva","15":"product_tag-alimentos-para-controlar-el-azucar","16":"product_tag-alimentos-para-controlar-la-azucar","17":"product_tag-como-controlar-a-compulsao-alimentar","18":"product_tag-como-controlar-o-dinheiro-da-sua-alimentacao","19":"product_tag-como-economizar-dinheiro-com-alimentacao","20":"product_tag-como-reduzir-gastos-com-alimentacao","21":"product_tag-compulsao-alimentar-como-controlar","22":"product_tag-descontrole-alimentar","23":"product_tag-dicas-de-alimentacao","25":"first","26":"instock","27":"sale","28":"featured","29":"downloadable","30":"purchasable","31":"product-type-simple"},"acf":[],"_links":{"self":[{"href":"https:\/\/cogniebook.cognitech.app.br\/pt_br\/wp-json\/wp\/v2\/product\/898","targetHints":{"allow":["GET"]}}],"collection":[{"href":"https:\/\/cogniebook.cognitech.app.br\/pt_br\/wp-json\/wp\/v2\/product"}],"about":[{"href":"https:\/\/cogniebook.cognitech.app.br\/pt_br\/wp-json\/wp\/v2\/types\/product"}],"replies":[{"embeddable":true,"href":"https:\/\/cogniebook.cognitech.app.br\/pt_br\/wp-json\/wp\/v2\/comments?post=898"}],"wp:featuredmedia":[{"embeddable":true,"href":"https:\/\/cogniebook.cognitech.app.br\/pt_br\/wp-json\/wp\/v2\/media\/902"}],"wp:attachment":[{"href":"https:\/\/cogniebook.cognitech.app.br\/pt_br\/wp-json\/wp\/v2\/media?parent=898"}],"wp:term":[{"taxonomy":"product_brand","embeddable":true,"href":"https:\/\/cogniebook.cognitech.app.br\/pt_br\/wp-json\/wp\/v2\/product_brand?post=898"},{"taxonomy":"product_cat","embeddable":true,"href":"https:\/\/cogniebook.cognitech.app.br\/pt_br\/wp-json\/wp\/v2\/product_cat?post=898"},{"taxonomy":"product_tag","embeddable":true,"href":"https:\/\/cogniebook.cognitech.app.br\/pt_br\/wp-json\/wp\/v2\/product_tag?post=898"}],"curies":[{"name":"wp","href":"https:\/\/api.w.org\/{rel}","templated":true}]}}